{"id":19409,"date":"2025-10-31T14:44:36","date_gmt":"2025-10-31T13:44:36","guid":{"rendered":"https:\/\/cantieredelpardo.com\/?page_id=19409"},"modified":"2025-12-15T12:20:12","modified_gmt":"2025-12-15T11:20:12","slug":"parita-di-genere","status":"publish","type":"page","link":"https:\/\/cantieredelpardo.com\/it\/parita-di-genere\/","title":{"rendered":"Politica sulla Parit\u00e0 di Genere"},"content":{"rendered":"\n<div class=\"is-layout-flow wp-block-group\"><div class=\"wp-block-group__inner-container\">\n<div class=\"wp-block-cover alignfull is-light has-parallax hide-on-mobile thor-hidden-sm thor-hidden-md\" style=\"min-height:100vh\"><span aria-hidden=\"true\" class=\"wp-block-cover__background has-black-background-color has-background-dim-0 has-background-dim\"><\/span><div role=\"img\" class=\"wp-block-cover__image-background wp-image-19385 has-parallax\" style=\"background-position:50% 50%;background-image:url(https:\/\/cantieredelpardo.com\/app\/uploads\/2025\/10\/Pagina-sulla-parita\u0300-di-genere_Hero_desktop.jpg)\"><\/div><div class=\"wp-block-cover__inner-container\">\n<h1 class=\"has-text-align-center is-style-font-family-special has-white-color has-text-color\" style=\"font-size:64px;line-height:1\"><\/h1>\n<\/div><\/div>\n\n\n\n<div class=\"wp-block-cover alignfull is-light has-parallax hide-on-mobile thor-hidden-lg thor-hidden-xl\" style=\"min-height:100vh\"><span aria-hidden=\"true\" class=\"wp-block-cover__background has-background-dim-0 has-background-dim\"><\/span><div role=\"img\" class=\"wp-block-cover__image-background wp-image-19388 has-parallax\" style=\"background-position:50% 50%;background-image:url(https:\/\/cantieredelpardo.com\/app\/uploads\/2025\/10\/Pagina-sulla-parita\u0300-di-genere_Hero_mobile.jpg)\"><\/div><div class=\"wp-block-cover__inner-container\">\n<h1 class=\"has-text-align-center is-style-font-family-special has-white-color has-text-color\" style=\"font-size:40px;line-height:1\"><\/h1>\n<\/div><\/div>\n<\/div><\/div>\n\n\n\n<div class=\"is-vertical is-content-justification-center is-layout-flex wp-container-5 wp-block-group alignfull has-white-color has-text-color\" style=\"padding-top:0px;padding-right:0px;padding-bottom:0px;padding-left:0px\">\n<div class=\"is-layout-flow wp-block-group thor-maxwidth-ml thor-maxwidth-ml\"><div class=\"wp-block-group__inner-container\">\n<div style=\"height:100px\" aria-hidden=\"true\" class=\"wp-block-spacer\"><\/div>\n\n\n\n<h1 class=\"has-text-align-center is-style-font-family-display has-black-color has-text-color has-3-xl-font-size\">Politica sulla Parit\u00e0 di Genere<\/h1>\n\n\n\n<div style=\"height:50px\" aria-hidden=\"true\" class=\"wp-block-spacer\"><\/div>\n\n\n\n<div class=\"is-layout-flow wp-block-group alignwide thor-maxwidth-ml ml thor-maxwidth-ml\"><div class=\"wp-block-group__inner-container\">\n<p class=\"has-text-align-center has-neutral-color has-text-color\">Cantiere del Pardo ha scelto di adottare politiche e procedure per implementare un Sistema di Gestione conforme alle linee guida UNI PdR 125:2022, a conferma dell\u2019impegno verso la parit\u00e0 di genere, la valorizzazione della diversit\u00e0 e l\u2019inclusione di ogni persona nei contesti organizzativi.<br>La norma UNI PdR 125:2022 promuove una cultura aziendale inclusiva e diversificata, dove ciascuno possa esprimere il proprio potenziale in un ambiente di collaborazione, partecipazione e benessere.<\/p>\n\n\n\n<p class=\"has-text-align-center has-black-color has-text-color\"><strong><strong>I Nostri Principi Guida:<\/strong><\/strong><br><br>Cantiere del Pardo si impegna a rispettare i seguenti principi fondamentali:<br><br>\u2022  <strong><strong>Non discriminazione<\/strong><\/strong> \u2013 Non tolleriamo alcuna forma di discriminazione \u2013 diretta o indiretta \u2013 basata su genere, et\u00e0, orientamento e identit\u00e0 sessuale, disabilit\u00e0, stato di salute, origine etnica, opinioni politiche, fede religiosa o altri fattori discriminatori.<br><br>\u2022 <strong><strong>Valorizzazione del personale<\/strong> <\/strong>\u2013 Promuoviamo ambienti di lavoro che rispettano la dignit\u00e0 individuale e incoraggiano la crescita personale e professionale.<br><br>\u2022 <strong><strong>Relazioni rispettose<\/strong> <\/strong>\u2013 Favoriamo comportamenti improntati al rispetto e all&#8217;integrit\u00e0 nelle relazioni con colleghe\/i, clienti, fornitori e stakeholder.<br><br>\u2022 <strong><strong>Parit\u00e0 nelle opportunit\u00e0 di carriera<\/strong> <\/strong>\u2013 Assicuriamo uguaglianza tra donne e uomini in tutte le fasi del rapporto di lavoro: dalla selezione alla retribuzione, fino alla crescita e alla cessazione.<br><br>\u2022 <strong><strong>Empowerment femminile<\/strong><\/strong> \u2013 Sosteniamo l\u2019espressione dei talenti femminili, rafforzandone il ruolo in azienda e nella societ\u00e0.<br><br>\u2022 <strong><strong>Sensibilizzazione e formazione<\/strong> <\/strong>\u2013 Promuoviamo la consapevolezza su diversit\u00e0, inclusione e pari opportunit\u00e0 attraverso momenti di formazione e condivisione.<br><br>\u2022 <strong><strong>Comunicazione responsabile<\/strong> <\/strong>\u2013 Utilizziamo un linguaggio inclusivo e rispettoso delle differenze, contrastando stereotipi e pregiudizi.<br><br>\u2022 <strong><strong>Equa rappresentanza<\/strong> <\/strong>\u2013 Garantiamo equilibrio di genere tra i relatori in eventi, panel, convegni e conferenze.<\/p>\n\n\n\n<p class=\"has-text-align-center has-black-color has-text-color\"><strong>Il Nostro Impegno Continuo<\/strong><br><br>Questa iniziativa conferma la volont\u00e0 di Cantiere del Pardo di tutelare la salute, l\u2019integrit\u00e0 fisica e morale e la dignit\u00e0 di tutte le persone che lavorano con noi. Rinnoviamo inoltre la nostra adesione al Modello di Organizzazione, Gestione e Controllo (MOG) per la prevenzione dei reati secondo il D.lgs. 231\/2001.<br><br><strong>Segnalazioni e Suggerimenti<\/strong><br><br>Per segnalazioni, suggerimenti di miglioramento o reclami riguardanti parit\u00e0 di genere e pari opportunit\u00e0, utilizzare il portale dedicato disponibile sul sito corporate di ONIVERSE, alla pagina whistleblowing:<br><a style=\"color:black; text-decoration:underline; font-weight: bold;\" rel=\"noreferrer noopener\" href=\"https:\/\/www.oniverse.it\/whistleblowing\" target=\"_blank\">https:\/\/www.oniverse.it\/whistleblowing<\/a><\/p>\n<\/div><\/div>\n\n\n\n<div style=\"height:100px\" aria-hidden=\"true\" class=\"wp-block-spacer\"><\/div>\n\n\n\n<div class=\"is-content-justification-center is-nowrap is-layout-flex wp-container-3 wp-block-buttons is-style-default\">\n<div class=\"wp-block-button is-style-outline\" style=\"text-transform:uppercase\"><a class=\"wp-block-button__link has-black-color has-text-color has-link-color wp-element-button\" href=\"https:\/\/cantieredelpardo.com\/app\/uploads\/2025\/10\/CamScanner-10-10-2025-11.24.pdf\" target=\"_blank\" rel=\"noreferrer noopener\">scarica il documento<\/a><\/div>\n\n\n\n<div class=\"wp-block-button is-style-outline\" style=\"text-transform:uppercase\"><a class=\"wp-block-button__link has-black-color has-text-color has-link-color wp-element-button\" href=\"https:\/\/cantieredelpardo.com\/app\/uploads\/2025\/12\/SGS_UNI_PdR-125_2022_IT2500001356_IT.pdf\" target=\"_blank\" rel=\"noreferrer noopener\">SCARICA LA CERTIFICAZIONE<\/a><\/div>\n<\/div>\n\n\n\n<div style=\"height:100px\" aria-hidden=\"true\" class=\"wp-block-spacer\"><\/div>\n\n\n\n<div style=\"height:80px\" aria-hidden=\"true\" class=\"wp-block-spacer\"><\/div>\n<\/div><\/div>\n<\/div>\n","protected":false},"excerpt":{"rendered":"<p>Politica sulla Parit\u00e0 di Genere Cantiere del Pardo ha scelto di adottare politiche e procedure per implementare un Sistema di&#8230;<\/p>\n","protected":false},"author":2,"featured_media":0,"parent":0,"menu_order":0,"comment_status":"closed","ping_status":"closed","template":"","meta":{"inline_featured_image":false,"_expiration-date-status":"","_expiration-date":0,"_expiration-date-type":"","_expiration-date-categories":[],"_expiration-date-options":[]},"acf":[],"_links":{"self":[{"href":"https:\/\/cantieredelpardo.com\/it\/wp-json\/wp\/v2\/pages\/19409"}],"collection":[{"href":"https:\/\/cantieredelpardo.com\/it\/wp-json\/wp\/v2\/pages"}],"about":[{"href":"https:\/\/cantieredelpardo.com\/it\/wp-json\/wp\/v2\/types\/page"}],"author":[{"embeddable":true,"href":"https:\/\/cantieredelpardo.com\/it\/wp-json\/wp\/v2\/users\/2"}],"replies":[{"embeddable":true,"href":"https:\/\/cantieredelpardo.com\/it\/wp-json\/wp\/v2\/comments?post=19409"}],"version-history":[{"count":5,"href":"https:\/\/cantieredelpardo.com\/it\/wp-json\/wp\/v2\/pages\/19409\/revisions"}],"predecessor-version":[{"id":19429,"href":"https:\/\/cantieredelpardo.com\/it\/wp-json\/wp\/v2\/pages\/19409\/revisions\/19429"}],"wp:attachment":[{"href":"https:\/\/cantieredelpardo.com\/it\/wp-json\/wp\/v2\/media?parent=19409"}],"curies":[{"name":"wp","href":"https:\/\/api.w.org\/{rel}","templated":true}]}}