{"id":19266,"date":"2025-05-28T12:12:06","date_gmt":"2025-05-28T10:12:06","guid":{"rendered":"https:\/\/cantieredelpardo.com\/?page_id=19266"},"modified":"2025-05-28T12:12:08","modified_gmt":"2025-05-28T10:12:08","slug":"grand-soleil-blue-grand-soleil-33-daysailer-zero-impact","status":"publish","type":"page","link":"https:\/\/cantieredelpardo.com\/it\/grand-soleil-blue-grand-soleil-33-daysailer-zero-impact\/","title":{"rendered":"GRAND SOLEIL Blue \u2013 Grand Soleil 33 Daysailer Zero Impact"},"content":{"rendered":"\n<div class=\"is-layout-flow wp-block-group\"><div class=\"wp-block-group__inner-container\">\n<div class=\"wp-block-cover alignfull is-light has-parallax hide-on-mobile thor-hidden-sm thor-hidden-md\" style=\"min-height:100vh\"><span aria-hidden=\"true\" class=\"wp-block-cover__background has-black-background-color has-background-dim-0 has-background-dim\"><\/span><div role=\"img\" class=\"wp-block-cover__image-background wp-image-19204 has-parallax\" style=\"background-position:50% 50%;background-image:url(https:\/\/cantieredelpardo.com\/app\/uploads\/2025\/05\/LANDING-GS-BLUE_hero-desktop.jpg)\"><\/div><div class=\"wp-block-cover__inner-container\">\n<h1 class=\"has-text-align-center is-style-font-family-special has-white-color has-text-color\" style=\"font-size:64px;line-height:1\"><\/h1>\n<\/div><\/div>\n\n\n\n<div class=\"wp-block-cover alignfull is-light has-parallax hide-on-mobile thor-hidden-lg thor-hidden-xl\" style=\"min-height:100vh\"><span aria-hidden=\"true\" class=\"wp-block-cover__background has-background-dim-0 has-background-dim\"><\/span><div role=\"img\" class=\"wp-block-cover__image-background wp-image-19207 has-parallax\" style=\"background-position:50% 50%;background-image:url(https:\/\/cantieredelpardo.com\/app\/uploads\/2025\/05\/LANDING-GS-BLUE_hero-mobile.jpg)\"><\/div><div class=\"wp-block-cover__inner-container\">\n<h1 class=\"has-text-align-center is-style-font-family-special has-white-color has-text-color\" style=\"font-size:40px;line-height:1\"><\/h1>\n<\/div><\/div>\n<\/div><\/div>\n\n\n\n<div class=\"is-vertical is-content-justification-center is-layout-flex wp-container-4 wp-block-group alignfull has-white-color has-text-color\" style=\"padding-top:0px;padding-right:0px;padding-bottom:0px;padding-left:0px\">\n<div class=\"is-layout-flow wp-block-group thor-maxwidth-ml thor-maxwidth-ml\"><div class=\"wp-block-group__inner-container\">\n<div style=\"height:100px\" aria-hidden=\"true\" class=\"wp-block-spacer\"><\/div>\n\n\n\n<h1 class=\"has-text-align-center is-style-font-family-display has-black-color has-text-color has-3-xl-font-size\" style=\"text-transform:uppercase\">GRAND SOLEIL Blue \u2013 Grand Soleil 33 Daysailer Zero Impact<\/h1>\n\n\n\n<div style=\"height:50px\" aria-hidden=\"true\" class=\"wp-block-spacer\"><\/div>\n\n\n\n<div class=\"is-layout-flow wp-block-group thor-maxwidth-md ml thor-maxwidth-md\"><div class=\"wp-block-group__inner-container\">\n<p class=\"has-text-align-center is-style-font-family-sans has-black-color has-text-color\">Con il lancio del Grand Soleil BLUE, Cantiere del Pardo inaugura una nuova era della nautica sostenibile. Grand Soleil BLUE non \u00e8 semplicemente un nuovo modello: \u00e8 il primo di una linea rivoluzionaria, pensata per offrire un&#8217;esperienza di navigazione a zero emissioni, coniugando tecnologia elettrica avanzata, design elegante e massimo rispetto per l\u2019ambiente.<br><br>Frutto di un intenso lavoro di ricerca e sviluppo, il progetto nasce dalla collaborazione tra Cantiere del Pardo, lo studio di architettura navale di Matteo Polli e Nauta Design, responsabile per gli interni e il layout di coperta. A rafforzare ulteriormente l\u2019anima sostenibile dell\u2019imbarcazione, il contributo tecnico di NLComp (Northern Light Composites), realt\u00e0 all\u2019avanguardia nella sperimentazione di materiali riciclabili e soluzioni a basso impatto ambientale.<br><br>Pensato come un weekender moderno, il Grand Soleil BLUE \u00e8 ideale per armatori che desiderano godersi il mare in autonomia, anche per brevi navigazioni o escursioni in solitaria. Le dimensioni compatte, la semplicit\u00e0 di gestione e la facilit\u00e0 di manovra ne fanno una barca perfetta per uscite frequenti, in ogni momento, senza rinunciare al comfort e allo stile inconfondibile della gamma Grand Soleil Yachts.<br><br>Con il Grand Soleil BLUE, Cantiere del Pardo ridefinisce i parametri della crociera contemporanea, ponendo al centro l\u2019innovazione, la responsabilit\u00e0 ambientale e il piacere autentico della vela. Un nuovo modo di vivere il mare, pi\u00f9 consapevole, pi\u00f9 libero, e pronto a tracciare la rotta del domani.<\/p>\n<\/div><\/div>\n\n\n\n<div style=\"height:100px\" aria-hidden=\"true\" class=\"wp-block-spacer\"><\/div>\n<\/div><\/div>\n<\/div>\n\n\n\n<div class=\"is-layout-constrained wp-block-group\"><div class=\"wp-block-group__inner-container\">\n<div class=\"is-layout-constrained wp-block-group thor-hidden-sm thor-hidden-md\"><div class=\"wp-block-group__inner-container\"><div id=\"thor-block_64ac07c91dd70\" class=\"thor-carousel\">\n      <div class=\"carousel swiper\"\n      data-infinite=\"true\"\n      data-autoplay=\"false\"\n      data-autoplay-speed=\"\"\n    >\n      <div class=\"swiper-wrapper\">\n                  <div class=\"swiper-slide\">\n            <div class=\"item\">\n\n              <figure>\n                                  <img decoding=\"async\" src=\"https:\/\/cantieredelpardo.com\/app\/uploads\/2025\/05\/CDP_landing-GS-Blue_slider_desktop_1.jpg\" data-src=\"https:\/\/cantieredelpardo.com\/app\/uploads\/2025\/05\/CDP_landing-GS-Blue_slider_desktop_1.jpg\" \/>\n                              <\/figure>\n\n              \n            <\/div>\n          <\/div><!--swiper-slide-->\n                  <div class=\"swiper-slide\">\n            <div class=\"item\">\n\n              <figure>\n                                  <img decoding=\"async\" src=\"https:\/\/cantieredelpardo.com\/app\/uploads\/2025\/05\/CDP_landing-GS-Blue_slider_desktop_2.jpg\" data-src=\"https:\/\/cantieredelpardo.com\/app\/uploads\/2025\/05\/CDP_landing-GS-Blue_slider_desktop_2.jpg\" \/>\n                              <\/figure>\n\n              \n            <\/div>\n          <\/div><!--swiper-slide-->\n                  <div class=\"swiper-slide\">\n            <div class=\"item\">\n\n              <figure>\n                                  <img decoding=\"async\" src=\"https:\/\/cantieredelpardo.com\/app\/uploads\/2025\/05\/CDP_landing-GS-Blue_slider_desktop_3.jpg\" data-src=\"https:\/\/cantieredelpardo.com\/app\/uploads\/2025\/05\/CDP_landing-GS-Blue_slider_desktop_3.jpg\" \/>\n                              <\/figure>\n\n              \n            <\/div>\n          <\/div><!--swiper-slide-->\n                  <div class=\"swiper-slide\">\n            <div class=\"item\">\n\n              <figure>\n                                  <img decoding=\"async\" src=\"https:\/\/cantieredelpardo.com\/app\/uploads\/2025\/05\/CDP_landing-GS-Blue_slider_desktop_4.jpg\" data-src=\"https:\/\/cantieredelpardo.com\/app\/uploads\/2025\/05\/CDP_landing-GS-Blue_slider_desktop_4.jpg\" \/>\n                              <\/figure>\n\n              \n            <\/div>\n          <\/div><!--swiper-slide-->\n                  <div class=\"swiper-slide\">\n            <div class=\"item\">\n\n              <figure>\n                                  <img decoding=\"async\" src=\"https:\/\/cantieredelpardo.com\/app\/uploads\/2025\/05\/CDP_landing-GS-Blue_slider_desktop_5.jpg\" data-src=\"https:\/\/cantieredelpardo.com\/app\/uploads\/2025\/05\/CDP_landing-GS-Blue_slider_desktop_5.jpg\" \/>\n                              <\/figure>\n\n              \n            <\/div>\n          <\/div><!--swiper-slide-->\n                  <div class=\"swiper-slide\">\n            <div class=\"item\">\n\n              <figure>\n                                  <img decoding=\"async\" src=\"https:\/\/cantieredelpardo.com\/app\/uploads\/2025\/05\/CDP_landing-GS-Blue_slider_desktop_6.jpg\" data-src=\"https:\/\/cantieredelpardo.com\/app\/uploads\/2025\/05\/CDP_landing-GS-Blue_slider_desktop_6.jpg\" \/>\n                              <\/figure>\n\n              \n            <\/div>\n          <\/div><!--swiper-slide-->\n              <\/div>\n\n              <div class=\"swiper-pagination dots-are-black\"><\/div>\n      \n    <\/div><!--swiper-->\n  <\/div><\/div><\/div>\n\n\n\n<div class=\"is-layout-constrained wp-block-group thor-hidden-lg thor-hidden-xl\"><div class=\"wp-block-group__inner-container\"><div id=\"thor-block_64ac07c91dd71\" class=\"thor-carousel\">\n      <div class=\"carousel swiper\"\n      data-infinite=\"true\"\n      data-autoplay=\"false\"\n      data-autoplay-speed=\"\"\n    >\n      <div class=\"swiper-wrapper\">\n                  <div class=\"swiper-slide\">\n            <div class=\"item\">\n\n              <figure>\n                                  <img decoding=\"async\" src=\"https:\/\/cantieredelpardo.com\/app\/uploads\/2025\/05\/CDP_landing-GS-Blue_slider_mobile_1.jpg\" data-src=\"https:\/\/cantieredelpardo.com\/app\/uploads\/2025\/05\/CDP_landing-GS-Blue_slider_mobile_1.jpg\" \/>\n                              <\/figure>\n\n              \n            <\/div>\n          <\/div><!--swiper-slide-->\n                  <div class=\"swiper-slide\">\n            <div class=\"item\">\n\n              <figure>\n                                  <img decoding=\"async\" src=\"https:\/\/cantieredelpardo.com\/app\/uploads\/2025\/05\/CDP_landing-GS-Blue_slider_mobile_2.jpg\" data-src=\"https:\/\/cantieredelpardo.com\/app\/uploads\/2025\/05\/CDP_landing-GS-Blue_slider_mobile_2.jpg\" \/>\n                              <\/figure>\n\n              \n            <\/div>\n          <\/div><!--swiper-slide-->\n                  <div class=\"swiper-slide\">\n            <div class=\"item\">\n\n              <figure>\n                                  <img decoding=\"async\" src=\"https:\/\/cantieredelpardo.com\/app\/uploads\/2025\/05\/CDP_landing-GS-Blue_slider_mobile_3.jpg\" data-src=\"https:\/\/cantieredelpardo.com\/app\/uploads\/2025\/05\/CDP_landing-GS-Blue_slider_mobile_3.jpg\" \/>\n                              <\/figure>\n\n              \n            <\/div>\n          <\/div><!--swiper-slide-->\n                  <div class=\"swiper-slide\">\n            <div class=\"item\">\n\n              <figure>\n                                  <img decoding=\"async\" src=\"https:\/\/cantieredelpardo.com\/app\/uploads\/2025\/05\/CDP_landing-GS-Blue_slider_mobile_4.jpg\" data-src=\"https:\/\/cantieredelpardo.com\/app\/uploads\/2025\/05\/CDP_landing-GS-Blue_slider_mobile_4.jpg\" \/>\n                              <\/figure>\n\n              \n            <\/div>\n          <\/div><!--swiper-slide-->\n                  <div class=\"swiper-slide\">\n            <div class=\"item\">\n\n              <figure>\n                                  <img decoding=\"async\" src=\"https:\/\/cantieredelpardo.com\/app\/uploads\/2025\/05\/CDP_landing-GS-Blue_slider_mobile_5.jpg\" data-src=\"https:\/\/cantieredelpardo.com\/app\/uploads\/2025\/05\/CDP_landing-GS-Blue_slider_mobile_5.jpg\" \/>\n                              <\/figure>\n\n              \n            <\/div>\n          <\/div><!--swiper-slide-->\n                  <div class=\"swiper-slide\">\n            <div class=\"item\">\n\n              <figure>\n                                  <img decoding=\"async\" src=\"https:\/\/cantieredelpardo.com\/app\/uploads\/2025\/05\/CDP_landing-GS-Blue_slider_mobile_6.jpg\" data-src=\"https:\/\/cantieredelpardo.com\/app\/uploads\/2025\/05\/CDP_landing-GS-Blue_slider_mobile_6.jpg\" \/>\n                              <\/figure>\n\n              \n            <\/div>\n          <\/div><!--swiper-slide-->\n              <\/div>\n\n              <div class=\"swiper-pagination dots-are-black\"><\/div>\n      \n    <\/div><!--swiper-->\n  <\/div><\/div><\/div>\n\n\n\n<div class=\"is-layout-constrained wp-block-group\"><div class=\"wp-block-group__inner-container\">\n<div class=\"is-layout-constrained wp-block-group\"><div class=\"wp-block-group__inner-container\"><div class=\"wp-block-image\">\n<figure class=\"aligncenter size-medium is-resized\"><img decoding=\"async\" loading=\"lazy\" src=\"https:\/\/cantieredelpardo.com\/app\/uploads\/2025\/05\/poster-CDP-BLUE-1_page-0001-1-600x849.jpg\" alt=\"\" class=\"wp-image-19249\" width=\"600\" height=\"849\" srcset=\"https:\/\/cantieredelpardo.com\/app\/uploads\/2025\/05\/poster-CDP-BLUE-1_page-0001-1-600x849.jpg 600w, https:\/\/cantieredelpardo.com\/app\/uploads\/2025\/05\/poster-CDP-BLUE-1_page-0001-1-1440x2037.jpg 1440w, https:\/\/cantieredelpardo.com\/app\/uploads\/2025\/05\/poster-CDP-BLUE-1_page-0001-1-1024x1448.jpg 1024w, https:\/\/cantieredelpardo.com\/app\/uploads\/2025\/05\/poster-CDP-BLUE-1_page-0001-1-1086x1536.jpg 1086w, https:\/\/cantieredelpardo.com\/app\/uploads\/2025\/05\/poster-CDP-BLUE-1_page-0001-1-1448x2048.jpg 1448w, https:\/\/cantieredelpardo.com\/app\/uploads\/2025\/05\/poster-CDP-BLUE-1_page-0001-1-70x99.jpg 70w, https:\/\/cantieredelpardo.com\/app\/uploads\/2025\/05\/poster-CDP-BLUE-1_page-0001-1.jpg 1754w\" sizes=\"(max-width: 600px) 100vw, 600px\" \/><\/figure><\/div><\/div><\/div>\n\n\n\n<div style=\"height:100px\" aria-hidden=\"true\" class=\"wp-block-spacer\"><\/div>\n\n\n\n<p class=\"has-text-align-center is-style-font-family-sans has-black-color has-text-color\">Il progetto \u00e8 cofinanziato dalla regione Emilia-Romagna nell\u2019ambito del programma PR-ERDF 2021\/2027 \u2013 Azione 1.1.1 \u2013 Bando per progetti sperimentali di ricerca e sviluppo.<\/p>\n\n\n\n<div style=\"height:100px\" aria-hidden=\"true\" class=\"wp-block-spacer\"><\/div>\n\n\n\n<div class=\"is-layout-constrained wp-block-group\"><div class=\"wp-block-group__inner-container\"><div class=\"wp-block-image\">\n<figure class=\"aligncenter size-large is-resized\"><img decoding=\"async\" src=\"https:\/\/cantieredelpardo.com\/app\/uploads\/2025\/05\/Group-108-1440x186.jpg\" alt=\"\" class=\"wp-image-19252\" width=\"1024\" srcset=\"https:\/\/cantieredelpardo.com\/app\/uploads\/2025\/05\/Group-108-1440x186.jpg 1440w, https:\/\/cantieredelpardo.com\/app\/uploads\/2025\/05\/Group-108-600x78.jpg 600w, https:\/\/cantieredelpardo.com\/app\/uploads\/2025\/05\/Group-108-1024x132.jpg 1024w, https:\/\/cantieredelpardo.com\/app\/uploads\/2025\/05\/Group-108-1536x199.jpg 1536w, https:\/\/cantieredelpardo.com\/app\/uploads\/2025\/05\/Group-108-2048x265.jpg 2048w, https:\/\/cantieredelpardo.com\/app\/uploads\/2025\/05\/Group-108-70x9.jpg 70w, https:\/\/cantieredelpardo.com\/app\/uploads\/2025\/05\/Group-108-1920x248.jpg 1920w\" sizes=\"(max-width: 1440px) 100vw, 1440px\" \/><\/figure><\/div><\/div><\/div>\n<\/div><\/div>\n<\/div><\/div>\n","protected":false},"excerpt":{"rendered":"<p>GRAND SOLEIL Blue \u2013 Grand Soleil 33 Daysailer Zero Impact Con il lancio del Grand Soleil BLUE, Cantiere del Pardo&#8230;<\/p>\n","protected":false},"author":2,"featured_media":19212,"parent":0,"menu_order":0,"comment_status":"closed","ping_status":"closed","template":"","meta":{"inline_featured_image":false,"_expiration-date-status":"","_expiration-date":1749031855,"_expiration-date-type":"draft","_expiration-date-categories":[],"_expiration-date-options":[]},"acf":[],"_links":{"self":[{"href":"https:\/\/cantieredelpardo.com\/it\/wp-json\/wp\/v2\/pages\/19266"}],"collection":[{"href":"https:\/\/cantieredelpardo.com\/it\/wp-json\/wp\/v2\/pages"}],"about":[{"href":"https:\/\/cantieredelpardo.com\/it\/wp-json\/wp\/v2\/types\/page"}],"author":[{"embeddable":true,"href":"https:\/\/cantieredelpardo.com\/it\/wp-json\/wp\/v2\/users\/2"}],"replies":[{"embeddable":true,"href":"https:\/\/cantieredelpardo.com\/it\/wp-json\/wp\/v2\/comments?post=19266"}],"version-history":[{"count":1,"href":"https:\/\/cantieredelpardo.com\/it\/wp-json\/wp\/v2\/pages\/19266\/revisions"}],"predecessor-version":[{"id":19267,"href":"https:\/\/cantieredelpardo.com\/it\/wp-json\/wp\/v2\/pages\/19266\/revisions\/19267"}],"wp:featuredmedia":[{"embeddable":true,"href":"https:\/\/cantieredelpardo.com\/it\/wp-json\/wp\/v2\/media\/19212"}],"wp:attachment":[{"href":"https:\/\/cantieredelpardo.com\/it\/wp-json\/wp\/v2\/media?parent=19266"}],"curies":[{"name":"wp","href":"https:\/\/api.w.org\/{rel}","templated":true}]}}