{"id":16369,"date":"2023-02-28T16:33:55","date_gmt":"2023-02-28T15:33:55","guid":{"rendered":"http:\/\/dev.cantieredelpardo.com\/?page_id=16369"},"modified":"2024-02-29T11:44:57","modified_gmt":"2024-02-29T10:44:57","slug":"our-values","status":"publish","type":"page","link":"https:\/\/cantieredelpardo.com\/it\/the-yard\/our-values\/","title":{"rendered":"I nostri valori"},"content":{"rendered":"\n<div class=\"is-layout-flow wp-block-group\"><div class=\"wp-block-group__inner-container\">\n<div class=\"wp-block-cover alignfull is-light has-parallax hide-on-mobile thor-hidden-sm thor-hidden-md\" style=\"min-height:100vh\"><span aria-hidden=\"true\" class=\"wp-block-cover__background has-black-background-color has-background-dim-0 has-background-dim\"><\/span><div role=\"img\" class=\"wp-block-cover__image-background wp-image-16121 has-parallax\" style=\"background-position:50% 50%;background-image:url(https:\/\/cantieredelpardo.com\/app\/uploads\/2023\/02\/cdp_our-values_hero_desktop-scaled.jpg)\"><\/div><div class=\"wp-block-cover__inner-container\">\n<h1 class=\"has-text-align-center is-style-font-family-special has-white-color has-text-color\" style=\"font-size:64px;line-height:1\">Il Cantiere<\/h1>\n<\/div><\/div>\n\n\n\n<div class=\"wp-block-cover alignfull is-light has-parallax hide-on-mobile thor-hidden-lg thor-hidden-xl\" style=\"min-height:100vh\"><span aria-hidden=\"true\" class=\"wp-block-cover__background has-background-dim-0 has-background-dim\"><\/span><div role=\"img\" class=\"wp-block-cover__image-background wp-image-16124 has-parallax\" style=\"background-position:50% 50%;background-image:url(https:\/\/cantieredelpardo.com\/app\/uploads\/2023\/02\/cdp_our-values_hero_mobile-scaled.jpg)\"><\/div><div class=\"wp-block-cover__inner-container\">\n<h1 class=\"has-text-align-center is-style-font-family-special has-white-color has-text-color\" style=\"font-size:40px;line-height:1\">Il Cantiere<\/h1>\n<\/div><\/div>\n<\/div><\/div>\n\n\n\n<div class=\"is-vertical is-layout-flex wp-container-4 wp-block-group alignfull has-black-color has-white-background-color has-text-color has-background\" style=\"padding-top:144px;padding-right:0px;padding-bottom:144px;padding-left:0px\">\n<div class=\"is-vertical is-content-justification-center is-layout-flex wp-container-3 wp-block-group thor-maxwidth-md thor-maxwidth-md\">\n<p class=\"has-text-align-center\" style=\"padding-bottom:48px\">Il Cantiere del Pardo, fondato nel 1973, ha una storia di grandi successi e riconoscimenti internazionali. Dalla sua nascita ha varato oltre 5 mila imbarcazioni. Oggi il sito produttivo si estende su una superficie interna di 40 mila mq suddivisa in tre macro-reparti: la falegnameria che impiega tecnologie e processi all&#8217;avanguardia, la carpenteria poggiata sulla tradizione e sulla manualit\u00e0 delle sue maestranze artigiane e l&#8217;assemblaggio, dove i componenti vengono meticolosamente assemblati fino al collaudo finale nel grande bacino di prova.<\/p>\n\n\n\n<div class=\"is-content-justification-center is-layout-flex wp-container-2 wp-block-buttons is-style-equal-width\">\n<div class=\"wp-block-button is-style-outline\"><a class=\"wp-block-button__link wp-element-button\" href=\"https:\/\/drive.google.com\/drive\/folders\/1WyLXdQnNB-Gf2J6G21lqPXAibrdN500C\" target=\"_blank\" rel=\"noreferrer noopener\">SCARICA IL COMPANY PROFILE<\/a><\/div>\n<\/div>\n<\/div>\n<\/div>\n\n\n\n<div class=\"is-layout-constrained wp-block-group thor-maxwidth-xl thor-maxwidth-xl\" style=\"padding-bottom:144px\"><div class=\"wp-block-group__inner-container\">\n<figure class=\"wp-block-embed is-type-video is-provider-vimeo wp-block-embed-vimeo wp-embed-aspect-16-9 wp-has-aspect-ratio\"><div class=\"wp-block-embed__wrapper\">\n<div class='video-responsive'><iframe loading=\"lazy\" title=\"CDP_50\" src=\"https:\/\/player.vimeo.com\/video\/917856435?dnt=1&amp;app_id=122963\" width=\"500\" height=\"281\" frameborder=\"0\" allow=\"autoplay; fullscreen; picture-in-picture\"><\/iframe><\/div>\n<\/div><\/figure>\n<\/div><\/div>\n\n\n\n<div class=\"is-layout-flow wp-block-group alignfull has-white-color has-text-color has-background thor-hidden-lg thor-hidden-xl\" style=\"background-color:#eaeaea;padding-top:144px;padding-right:0px;padding-bottom:144px;padding-left:0px\"><div class=\"wp-block-group__inner-container\">\n<div class=\"is-layout-flow wp-block-group thor-maxwidth-3xl thor-maxwidth-3xl\"><div class=\"wp-block-group__inner-container\">\n<div class=\"is-layout-flex wp-container-10 wp-block-columns muy-tablet-two-columns muy-not-reverted\">\n<div class=\"is-layout-flow wp-block-column\" style=\"flex-basis:50%\">\n<div class=\"is-layout-flow wp-block-group thor-maxwidth-sm thor-maxwidth-sm\"><div class=\"wp-block-group__inner-container\">\n<p class=\"is-style-font-family-sans has-black-color has-text-color has-xl-font-size\">Vision<\/p>\n\n\n\n<p class=\"has-black-color has-text-color\">Consolidare il prestigio di un marchio simbolo del saper fare italiano nel settore della nautica di alta gamma, capace di coniugare l&#8217;incomparabile patrimonio di conoscenze e ingegno che il nostro Paese \u00e8 in grado di esprimere con le pi\u00f9 moderne tecnologie e il rispetto per l&#8217;Ambiente.<\/p>\n<\/div><\/div>\n<\/div>\n\n\n\n<div class=\"is-layout-flow wp-block-column\" style=\"flex-basis:50%\">\n<div class=\"is-layout-flow wp-block-group thor-maxwidth-sm thor-maxwidth-sm\"><div class=\"wp-block-group__inner-container\">\n<p class=\"is-style-font-family-sans has-black-color has-text-color has-xl-font-size\">Mission<\/p>\n\n\n\n<p class=\"has-black-color has-text-color\">Raccogliere attorno ai nostri progetti nautici le migliori esperienze e competenze capaci di realizzare yacht dallo stile inconfondibile. Yacht in grado di soddisfare le esigenze degli armatori in termini di comfort, sicurezza e piacere della navigazione, in tutto il mondo.<\/p>\n<\/div><\/div>\n<\/div>\n<\/div>\n<\/div><\/div>\n<\/div><\/div>\n\n\n\n<div class=\"is-vertical is-content-justification-center is-layout-flex wp-container-14 wp-block-group alignfull has-black-color has-white-background-color has-text-color has-background\" style=\"padding-top:0px;padding-right:0px;padding-bottom:96px;padding-left:0px\">\n<div class=\"is-vertical is-content-justification-center is-layout-flex wp-container-13 wp-block-group thor-maxwidth-md thor-maxwidth-md\">\n<p class=\"has-text-align-center has-sm-font-size\" style=\"padding-bottom:20px;letter-spacing:4px;line-height:1\">I VALORI<\/p>\n\n\n\n<p class=\"has-text-align-center has-3-xl-font-size\" style=\"padding-bottom:20px;line-height:1\">La nostra guida<\/p>\n\n\n\n<p class=\"has-text-align-center\" style=\"padding-bottom:0px;line-height:1.2\">Cantiere del Pardo si basa su tre valori:<br>qualit\u00e0 e tradizione, eccellenza del servizio e sostenibilit\u00e0.<br>L&#8217;innovazione \u00e8 da sempre una guida.<\/p>\n<\/div>\n<\/div>\n\n\n\n<div class=\"is-layout-flow wp-block-group alignfull has-white-color has-text-color thor-hidden-sm thor-hidden-md\"><div class=\"wp-block-group__inner-container\">\n<div class=\"is-layout-flow wp-block-group\" style=\"padding-top:0px;padding-right:0px;padding-bottom:0px;padding-left:0px\"><div class=\"wp-block-group__inner-container\">\n<div class=\"is-layout-flow wp-block-group has-white-color has-text-color\"><div class=\"wp-block-group__inner-container\">\n<div class=\"is-layout-flow wp-block-group\"><div class=\"wp-block-group__inner-container\">\n<div class=\"is-layout-flow wp-block-group thor-maxwidth-3xl thor-maxwidth-3xl\"><div class=\"wp-block-group__inner-container\">\n<div class=\"is-layout-flex wp-container-19 wp-block-columns muy-tablet-two-columns muy-not-reverted\">\n<div class=\"is-layout-flow wp-block-column is-vertically-aligned-center\">\n<div style=\"height:1px\" aria-hidden=\"true\" class=\"wp-block-spacer\"><\/div>\n\n\n\n<div class=\"is-layout-flow wp-block-group\"><div class=\"wp-block-group__inner-container\">\n<figure class=\"wp-block-image size-full\"><img decoding=\"async\" loading=\"lazy\" width=\"1300\" height=\"1300\" src=\"https:\/\/cantieredelpardo.com\/app\/uploads\/2023\/02\/cdp_our-values_values_desktop.jpg\" alt=\"\" class=\"wp-image-16137\" srcset=\"https:\/\/cantieredelpardo.com\/app\/uploads\/2023\/02\/cdp_our-values_values_desktop.jpg 1300w, https:\/\/cantieredelpardo.com\/app\/uploads\/2023\/02\/cdp_our-values_values_desktop-600x600.jpg 600w, https:\/\/cantieredelpardo.com\/app\/uploads\/2023\/02\/cdp_our-values_values_desktop-150x150.jpg 150w, https:\/\/cantieredelpardo.com\/app\/uploads\/2023\/02\/cdp_our-values_values_desktop-1024x1024.jpg 1024w, https:\/\/cantieredelpardo.com\/app\/uploads\/2023\/02\/cdp_our-values_values_desktop-70x70.jpg 70w\" sizes=\"(max-width: 1300px) 100vw, 1300px\" \/><\/figure>\n<\/div><\/div>\n<\/div>\n\n\n\n<div class=\"is-layout-flow wp-block-column is-vertically-aligned-center\">\n<div class=\"is-layout-flow wp-block-group thor-maxwidth-sm thor-maxwidth-sm\"><div class=\"wp-block-group__inner-container\">\n<p class=\"is-style-font-family-sans has-black-color has-text-color has-xl-font-size\">Sostenibilit\u00e0<\/p>\n\n\n\n<p class=\"has-black-color has-text-color\">Il nostro traguardo \u00e8 stabilire una perfetta sintonia con l\u2019ambiente in cui le barche dei nostri armatori navigheranno. Per questo motivo, la priorit\u00e0 del Cantiere del Pardo segue una costante strategia di riduzione dei materiali con un impatto negativo nei processi costruttivi ecosostenibili, insieme a un controllo accurato della filiera e dei fornitori. La prima responsabilit\u00e0, come persone e come azienda, \u00e8 la piena consapevolezza che la nostra attivit\u00e0 \u00e8 strettamente collegata all\u2019ecosistema marino in cui esprimiamo ogni giorno le nostre passioni.<\/p>\n<\/div><\/div>\n<\/div>\n<\/div>\n<\/div><\/div>\n\n\n\n<div style=\"height:96px\" aria-hidden=\"true\" class=\"wp-block-spacer\"><\/div>\n\n\n\n<div class=\"is-layout-flow wp-block-group thor-maxwidth-3xl thor-maxwidth-3xl\"><div class=\"wp-block-group__inner-container\">\n<div class=\"is-layout-flex wp-container-24 wp-block-columns muy-tablet-two-columns muy-not-reverted\">\n<div class=\"is-layout-flow wp-block-column is-vertically-aligned-center\">\n<div class=\"is-layout-flow wp-block-group thor-maxwidth-sm\"><div class=\"wp-block-group__inner-container\">\n<p class=\"is-style-font-family-sans has-black-color has-text-color has-xl-font-size\">Qualit\u00e0 e Tradizione<\/p>\n\n\n\n<p class=\"has-black-color has-text-color\">Chi va per mare cerca qualit\u00e0, sicurezza, affidabilit\u00e0 e fiducia nella propria barca. Cantiere del Pardo, dal 1973, risponde a queste richieste con l\u2019esperienza, le competenze e la capacit\u00e0 di innovare. Ancora oggi sono le persone e la loro professionalit\u00e0 a centrare questi obiettivi, esperte nel coniugare processi costruttivi in linea (in serie) con un meticoloso controllo artigianale, definendo ogni giorno lo standard nel settore nautico. Insieme e grazie alle abilit\u00e0 ereditate da un territorio a forte vocazione artigianale, e da un know-how tramandato di generazione in generazione. La nostra ambizione: continuare a produrre barche con uno spiccato design italiano, sicure, affascinanti, funzionali. Barche pensate e progettate per chi ha un&#8217;identit\u00e0 che conosciamo bene, quella dei nostri armatori.<\/p>\n<\/div><\/div>\n<\/div>\n\n\n\n<div class=\"is-layout-flow wp-block-column is-vertically-aligned-center\">\n<figure class=\"wp-block-image size-full\"><img decoding=\"async\" loading=\"lazy\" width=\"1300\" height=\"1300\" src=\"https:\/\/cantieredelpardo.com\/app\/uploads\/2023\/02\/cdp_our-values_values_desktop-1.jpg\" alt=\"\" class=\"wp-image-16128\" srcset=\"https:\/\/cantieredelpardo.com\/app\/uploads\/2023\/02\/cdp_our-values_values_desktop-1.jpg 1300w, https:\/\/cantieredelpardo.com\/app\/uploads\/2023\/02\/cdp_our-values_values_desktop-1-600x600.jpg 600w, https:\/\/cantieredelpardo.com\/app\/uploads\/2023\/02\/cdp_our-values_values_desktop-1-150x150.jpg 150w, https:\/\/cantieredelpardo.com\/app\/uploads\/2023\/02\/cdp_our-values_values_desktop-1-1024x1024.jpg 1024w, https:\/\/cantieredelpardo.com\/app\/uploads\/2023\/02\/cdp_our-values_values_desktop-1-70x70.jpg 70w\" sizes=\"(max-width: 1300px) 100vw, 1300px\" \/><\/figure>\n<\/div>\n<\/div>\n<\/div><\/div>\n\n\n\n<div style=\"height:96px\" aria-hidden=\"true\" class=\"wp-block-spacer\"><\/div>\n\n\n\n<div class=\"is-layout-flow wp-block-group thor-maxwidth-3xl thor-maxwidth-3xl\"><div class=\"wp-block-group__inner-container\">\n<div class=\"is-layout-flex wp-container-29 wp-block-columns muy-tablet-two-columns muy-not-reverted\">\n<div class=\"is-layout-flow wp-block-column is-vertically-aligned-center\" style=\"flex-basis:50%\">\n<figure class=\"wp-block-image size-full\"><img decoding=\"async\" loading=\"lazy\" width=\"1300\" height=\"1300\" src=\"https:\/\/cantieredelpardo.com\/app\/uploads\/2023\/02\/cdp_our-values_values_desktop-2.jpg\" alt=\"\" class=\"wp-image-16131\" srcset=\"https:\/\/cantieredelpardo.com\/app\/uploads\/2023\/02\/cdp_our-values_values_desktop-2.jpg 1300w, https:\/\/cantieredelpardo.com\/app\/uploads\/2023\/02\/cdp_our-values_values_desktop-2-600x600.jpg 600w, https:\/\/cantieredelpardo.com\/app\/uploads\/2023\/02\/cdp_our-values_values_desktop-2-150x150.jpg 150w, https:\/\/cantieredelpardo.com\/app\/uploads\/2023\/02\/cdp_our-values_values_desktop-2-1024x1024.jpg 1024w, https:\/\/cantieredelpardo.com\/app\/uploads\/2023\/02\/cdp_our-values_values_desktop-2-70x70.jpg 70w\" sizes=\"(max-width: 1300px) 100vw, 1300px\" \/><\/figure>\n<\/div>\n\n\n\n<div class=\"is-layout-flow wp-block-column is-vertically-aligned-center\" style=\"flex-basis:50%\">\n<div class=\"is-layout-flow wp-block-group thor-maxwidth-sm\"><div class=\"wp-block-group__inner-container\">\n<p class=\"is-style-font-family-sans has-black-color has-text-color has-xl-font-size\">Eccellenza del servizio<\/p>\n\n\n\n<p class=\"has-black-color has-text-color\">Accompagniamo i clienti in un percorso trasparente di selezione e personalizzazione della barca. Formiamo una rete internazionale di partner commerciali in continua espansione su cui contare in ogni momento. Dai servizi in banchina alla navigazione in mare aperto, ci prendiamo cura degli armatori perch\u00e9 li consideriamo parte di una famiglia, di una community fattadi confronto, condivisione di idee, organizzazione di eventi. Puntiamo all&#8217;eccellenza costante dei servizi, di cui Cantiere del Pardo \u00e8 e sar\u00e0 sempre firma e garante.<\/p>\n<\/div><\/div>\n<\/div>\n<\/div>\n<\/div><\/div>\n\n\n\n<div style=\"height:96px\" aria-hidden=\"true\" class=\"wp-block-spacer\"><\/div>\n\n\n\n<div class=\"is-layout-flow wp-block-group thor-maxwidth-3xl thor-maxwidth-3xl\"><div class=\"wp-block-group__inner-container\">\n<div class=\"is-layout-flex wp-container-35 wp-block-columns muy-tablet-two-columns muy-not-reverted\">\n<div class=\"is-layout-flow wp-block-column is-vertically-aligned-center\" style=\"flex-basis:50%\">\n<div class=\"is-layout-flow wp-block-group thor-maxwidth-sm\"><div class=\"wp-block-group__inner-container\">\n<p class=\"is-style-font-family-sans has-black-color has-text-color has-xl-font-size\">Innovazione<\/p>\n\n\n\n<p class=\"has-black-color has-text-color\">L\u2019innovazione fa parte del nostro approccio progettuale e operativo. \u00c8 il nostro DNA professionale, il driver principale che guida tutti i valori essenziali del Cantiere del Pardo e li fa evolvere a beneficio dei clienti. Ma \u00e8 anche un metodo collegato ai nostri obiettivi di performance quotidiana. Siamo innovativi come singoli individui, come gruppo di persone, come azienda. Siamo innovativi a bordo di tutti i nostri prodotti perch\u00e9 sono gli armatori l\u2019incentivo pi\u00f9 forte che ci spinge a fare sempre meglio e con continuit\u00e0. In un ciclo virtuoso che produce qualit\u00e0, sostenibilit\u00e0 e servizi eccellenti.<\/p>\n<\/div><\/div>\n<\/div>\n\n\n\n<div class=\"is-layout-flow wp-block-column is-vertically-aligned-center\" style=\"flex-basis:50%\">\n<div style=\"height:1px\" aria-hidden=\"true\" class=\"wp-block-spacer\"><\/div>\n\n\n\n<div class=\"is-layout-flow wp-block-group\"><div class=\"wp-block-group__inner-container\">\n<figure class=\"wp-block-image size-full\"><img decoding=\"async\" loading=\"lazy\" width=\"1300\" height=\"1300\" src=\"https:\/\/cantieredelpardo.com\/app\/uploads\/2023\/02\/cdp_our-values_values_desktop-3.jpg\" alt=\"\" class=\"wp-image-16134\" srcset=\"https:\/\/cantieredelpardo.com\/app\/uploads\/2023\/02\/cdp_our-values_values_desktop-3.jpg 1300w, https:\/\/cantieredelpardo.com\/app\/uploads\/2023\/02\/cdp_our-values_values_desktop-3-600x600.jpg 600w, https:\/\/cantieredelpardo.com\/app\/uploads\/2023\/02\/cdp_our-values_values_desktop-3-150x150.jpg 150w, https:\/\/cantieredelpardo.com\/app\/uploads\/2023\/02\/cdp_our-values_values_desktop-3-1024x1024.jpg 1024w, https:\/\/cantieredelpardo.com\/app\/uploads\/2023\/02\/cdp_our-values_values_desktop-3-70x70.jpg 70w\" sizes=\"(max-width: 1300px) 100vw, 1300px\" \/><\/figure>\n<\/div><\/div>\n<\/div>\n<\/div>\n<\/div><\/div>\n\n\n\n<div style=\"height:24px\" aria-hidden=\"true\" class=\"wp-block-spacer\"><\/div>\n<\/div><\/div>\n<\/div><\/div>\n<\/div><\/div>\n<\/div><\/div>\n\n\n\n<div class=\"is-layout-flow wp-block-group alignfull has-black-color has-text-color thor-hidden-lg thor-hidden-xl\"><div class=\"wp-block-group__inner-container\">\n<div class=\"is-layout-flow wp-block-group thor-maxwidth-md\"><div class=\"wp-block-group__inner-container\">\n<div class=\"is-layout-flow wp-block-group has-white-color has-text-color\"><div class=\"wp-block-group__inner-container\">\n<div class=\"is-layout-flow wp-block-group thor-hidden-lg thor-hidden-xl\"><div class=\"wp-block-group__inner-container\">\n<div style=\"height:80px\" aria-hidden=\"true\" class=\"wp-block-spacer thor-hidden-sm thor-hidden-md\"><\/div>\n\n\n\n<div class=\"is-layout-flow wp-block-group has-black-color has-text-color\"><div class=\"wp-block-group__inner-container\"><div id=\"thor-block_611fcbc06b031\" class=\"thor-carousel\">\n      <div class=\"carousel swiper\"\n      data-infinite=\"true\"\n      data-autoplay=\"true\"\n      data-autoplay-speed=\"5000\"\n    >\n      <div class=\"swiper-wrapper\">\n                  <div class=\"swiper-slide\">\n            <div class=\"item\">\n\n              <figure>\n                                  <img decoding=\"async\" src=\"https:\/\/cantieredelpardo.com\/app\/uploads\/2023\/02\/cdp_our-values_values_mobile-1440x1440.jpg\" data-src=\"https:\/\/cantieredelpardo.com\/app\/uploads\/2023\/02\/cdp_our-values_values_mobile.jpg\" \/>\n                              <\/figure>\n\n                              <div class=\"item-text\">\n                  <h3 style=\"text-align: center;\">Sostenibilit\u00e0<\/h3>\n<p style=\"text-align: center;\">Il nostro traguardo \u00e8 stabilire una perfetta sintonia con l\u2019ambiente in cui le barche dei nostri armatori navigheranno. Per questo motivo, la priorit\u00e0 del Cantiere del Pardo segue una costante strategia di riduzione dei materiali con un impatto negativo nei processi costruttivi ecosostenibili, insieme a un controllo accurato della filiera e dei fornitori. La prima responsabilit\u00e0, come persone e come azienda, \u00e8 la piena consapevolezza che la nostra attivit\u00e0 \u00e8 strettamente collegata all\u2019ecosistema marino in cui esprimiamo ogni giorno le nostre passioni.<\/p>\n\n                <\/div>\n              \n            <\/div>\n          <\/div><!--swiper-slide-->\n                  <div class=\"swiper-slide\">\n            <div class=\"item\">\n\n              <figure>\n                                  <img decoding=\"async\" src=\"https:\/\/cantieredelpardo.com\/app\/uploads\/2023\/02\/cdp_our-values_values_mobile-1-1440x1440.jpg\" data-src=\"https:\/\/cantieredelpardo.com\/app\/uploads\/2023\/02\/cdp_our-values_values_mobile-1.jpg\" \/>\n                              <\/figure>\n\n                              <div class=\"item-text\">\n                  <h3 style=\"text-align: center;\">Qualit\u00e0 e Tradizione<\/h3>\n<p style=\"text-align: center;\">Chi va per mare cerca qualit\u00e0, sicurezza, affidabilit\u00e0 e fiducia nella propria barca. Cantiere del Pardo, dal 1973, risponde a queste richieste con l\u2019esperienza, le competenze e la capacit\u00e0 di innovare. Ancora oggi sono le persone e la loro professionalit\u00e0 a centrare questi obiettivi, esperte nel coniugare processi costruttivi in linea (in serie) con un meticoloso controllo artigianale, definendo ogni giorno lo standard nel settore nautico. Insieme e grazie alle abilit\u00e0 ereditate da un territorio a forte vocazione artigianale, e da un know-how tramandato di generazione in generazione. La nostra ambizione: continuare a produrre barche con uno spiccato design italiano, sicure, affascinanti, funzionali. Barche pensate e progettate per chi ha un&#8217;identit\u00e0 che conosciamo bene, quella dei nostri armatori.<\/p>\n\n                <\/div>\n              \n            <\/div>\n          <\/div><!--swiper-slide-->\n                  <div class=\"swiper-slide\">\n            <div class=\"item\">\n\n              <figure>\n                                  <img decoding=\"async\" src=\"https:\/\/cantieredelpardo.com\/app\/uploads\/2023\/02\/cdp_our-values_values_mobile-2-1440x1440.jpg\" data-src=\"https:\/\/cantieredelpardo.com\/app\/uploads\/2023\/02\/cdp_our-values_values_mobile-2.jpg\" \/>\n                              <\/figure>\n\n                              <div class=\"item-text\">\n                  <h3 style=\"text-align: center;\">Eccellenza del servizio<\/h3>\n<p style=\"text-align: center;\">Accompagniamo i clienti in un percorso trasparente di selezione e personalizzazione della barca. Formiamo una rete internazionale di partner commerciali in continua espansione su cui contare in ogni momento. Dai servizi in banchina alla navigazione in mare aperto, ci prendiamo cura degli armatori perch\u00e9 li consideriamo parte di una famiglia, di una community fattadi confronto, condivisione di idee, organizzazione di eventi. Puntiamo all&#8217;eccellenza costante dei servizi, di cui Cantiere del Pardo \u00e8 e sar\u00e0 sempre firma e garante.<\/p>\n\n                <\/div>\n              \n            <\/div>\n          <\/div><!--swiper-slide-->\n                  <div class=\"swiper-slide\">\n            <div class=\"item\">\n\n              <figure>\n                                  <img decoding=\"async\" src=\"https:\/\/cantieredelpardo.com\/app\/uploads\/2023\/02\/cdp_our-values_values_mobile-3-1440x1440.jpg\" data-src=\"https:\/\/cantieredelpardo.com\/app\/uploads\/2023\/02\/cdp_our-values_values_mobile-3.jpg\" \/>\n                              <\/figure>\n\n                              <div class=\"item-text\">\n                  <h3 style=\"text-align: center;\">Innovazione<\/h3>\n<p style=\"text-align: center;\">L\u2019innovazione fa parte del nostro approccio progettuale e operativo. \u00c8 il nostro DNA professionale, il driver principale che guida tutti i valori essenziali del Cantiere del Pardo e li fa evolvere a beneficio dei clienti. Ma \u00e8 anche un metodo collegato ai nostri obiettivi di performance quotidiana. Siamo innovativi come singoli individui, come gruppo di persone, come azienda. Siamo innovativi a bordo di tutti i nostri prodotti perch\u00e9 sono gli armatori l\u2019incentivo pi\u00f9 forte che ci spinge a fare sempre meglio e con continuit\u00e0. In un ciclo virtuoso che produce qualit\u00e0, sostenibilit\u00e0 e servizi eccellenti.<\/p>\n\n                <\/div>\n              \n            <\/div>\n          <\/div><!--swiper-slide-->\n              <\/div>\n\n              <div class=\"swiper-pagination dots-are-black\"><\/div>\n      \n    <\/div><!--swiper-->\n  <\/div><\/div><\/div>\n<\/div><\/div>\n<\/div><\/div>\n<\/div><\/div>\n<\/div><\/div>\n\n\n\n<div class=\"is-vertical is-layout-flex wp-container-47 wp-block-group alignfull has-black-color has-white-background-color has-text-color has-background\" style=\"padding-top:24px;padding-right:0px;padding-bottom:144px;padding-left:0px\">\n<p class=\"has-text-align-center\" style=\"padding-bottom:48px\"><\/p>\n\n\n\n<div class=\"is-content-justification-center is-layout-flex wp-container-46 wp-block-buttons is-style-equal-width\">\n<div class=\"wp-block-button is-style-outline\"><a class=\"wp-block-button__link wp-element-button\" href=\"https:\/\/cantieredelpardo.com\/app\/uploads\/2022\/04\/cdp_ethical_code-ITA.pdf\" target=\"_blank\" rel=\"noreferrer noopener\">SCARICA IL CODICE ETICO<\/a><\/div>\n<\/div>\n<\/div>\n","protected":false},"excerpt":{"rendered":"<p>Il Cantiere del Pardo, fondato nel 1973, ha una storia di grandi successi e riconoscimenti internazionali. Dalla sua nascita ha&#8230;<\/p>\n","protected":false},"author":2,"featured_media":0,"parent":16362,"menu_order":0,"comment_status":"closed","ping_status":"closed","template":"","meta":{"inline_featured_image":false,"_expiration-date-status":"","_expiration-date":0,"_expiration-date-type":"","_expiration-date-categories":[],"_expiration-date-options":[]},"acf":[],"_links":{"self":[{"href":"https:\/\/cantieredelpardo.com\/it\/wp-json\/wp\/v2\/pages\/16369"}],"collection":[{"href":"https:\/\/cantieredelpardo.com\/it\/wp-json\/wp\/v2\/pages"}],"about":[{"href":"https:\/\/cantieredelpardo.com\/it\/wp-json\/wp\/v2\/types\/page"}],"author":[{"embeddable":true,"href":"https:\/\/cantieredelpardo.com\/it\/wp-json\/wp\/v2\/users\/2"}],"replies":[{"embeddable":true,"href":"https:\/\/cantieredelpardo.com\/it\/wp-json\/wp\/v2\/comments?post=16369"}],"version-history":[{"count":17,"href":"https:\/\/cantieredelpardo.com\/it\/wp-json\/wp\/v2\/pages\/16369\/revisions"}],"predecessor-version":[{"id":18302,"href":"https:\/\/cantieredelpardo.com\/it\/wp-json\/wp\/v2\/pages\/16369\/revisions\/18302"}],"up":[{"embeddable":true,"href":"https:\/\/cantieredelpardo.com\/it\/wp-json\/wp\/v2\/pages\/16362"}],"wp:attachment":[{"href":"https:\/\/cantieredelpardo.com\/it\/wp-json\/wp\/v2\/media?parent=16369"}],"curies":[{"name":"wp","href":"https:\/\/api.w.org\/{rel}","templated":true}]}}